{"id":1176,"date":"2022-06-20T08:38:31","date_gmt":"2022-06-20T08:38:31","guid":{"rendered":"https:\/\/amazingbeaujolais.fr\/?page_id=1176"},"modified":"2024-09-15T02:35:10","modified_gmt":"2024-09-15T02:35:10","slug":"duplicated-amazing-beaujolais-477","status":"publish","type":"page","link":"https:\/\/amazingbeaujolais.fr\/en\/amazing-beaujolais\/duplicated-amazing-beaujolais-477\/","title":{"rendered":"EDITO NUMERO PRINTEMPS-ETE 2023"},"content":{"rendered":"<div data-elementor-type=\"wp-page\" data-elementor-id=\"1176\" class=\"elementor elementor-1176\">\n\t\t\t\t\t\t<section data-particle_enable=\"false\" data-particle-mobile-disabled=\"false\" class=\"elementor-section elementor-top-section elementor-element elementor-element-9916f08 elementor-section-boxed elementor-section-height-default elementor-section-height-default\" data-id=\"9916f08\" data-element_type=\"section\">\n\t\t\t\t\t\t<div class=\"elementor-container elementor-column-gap-default\">\n\t\t\t\t\t<div class=\"elementor-column elementor-col-100 elementor-top-column elementor-element elementor-element-f3d114a\" data-id=\"f3d114a\" data-element_type=\"column\">\n\t\t\t<div class=\"elementor-widget-wrap elementor-element-populated\">\n\t\t\t\t\t\t<section data-particle_enable=\"false\" data-particle-mobile-disabled=\"false\" class=\"elementor-section elementor-inner-section elementor-element elementor-element-c78f015 elementor-section-boxed elementor-section-height-default elementor-section-height-default\" data-id=\"c78f015\" data-element_type=\"section\">\n\t\t\t\t\t\t<div class=\"elementor-container elementor-column-gap-default\">\n\t\t\t\t\t<div class=\"elementor-column elementor-col-50 elementor-inner-column elementor-element elementor-element-09035a7\" data-id=\"09035a7\" data-element_type=\"column\">\n\t\t\t<div class=\"elementor-widget-wrap elementor-element-populated\">\n\t\t\t\t\t\t<div class=\"elementor-element elementor-element-9ca913e elementor-widget elementor-widget-heading\" data-id=\"9ca913e\" data-element_type=\"widget\" data-widget_type=\"heading.default\">\n\t\t\t\t<div class=\"elementor-widget-container\">\n\t\t\t<h2 class=\"elementor-heading-title elementor-size-default\">The editorial<\/h2>\t\t<\/div>\n\t\t\t\t<\/div>\n\t\t\t\t<div class=\"elementor-element elementor-element-936eabc elementor-widget elementor-widget-image\" data-id=\"936eabc\" data-element_type=\"widget\" data-widget_type=\"image.default\">\n\t\t\t\t<div class=\"elementor-widget-container\">\n\t\t\t\t\t\t\t\t\t\t\t\t\t<img fetchpriority=\"high\" decoding=\"async\" width=\"600\" height=\"600\" src=\"https:\/\/amazingbeaujolais.fr\/wp-content\/uploads\/2021\/11\/dominique.jpg\" class=\"attachment-large size-large wp-image-490\" alt=\"AMAZING BEAUJOLAIS\" srcset=\"https:\/\/amazingbeaujolais.fr\/wp-content\/uploads\/2021\/11\/dominique.jpg 600w, https:\/\/amazingbeaujolais.fr\/wp-content\/uploads\/2021\/11\/dominique-300x300.jpg 300w, https:\/\/amazingbeaujolais.fr\/wp-content\/uploads\/2021\/11\/dominique-150x150.jpg 150w, https:\/\/amazingbeaujolais.fr\/wp-content\/uploads\/2021\/11\/dominique-400x400.jpg 400w, https:\/\/amazingbeaujolais.fr\/wp-content\/uploads\/2021\/11\/dominique-100x100.jpg 100w\" sizes=\"(max-width: 600px) 100vw, 600px\" \/>\t\t\t\t\t\t\t\t\t\t\t\t\t<\/div>\n\t\t\t\t<\/div>\n\t\t\t\t<div class=\"elementor-element elementor-element-8ade5d5 elementor-widget elementor-widget-text-editor\" data-id=\"8ade5d5\" data-element_type=\"widget\" data-widget_type=\"text-editor.default\">\n\t\t\t\t<div class=\"elementor-widget-container\">\n\t\t\t\t\t\t\t<p><b>Un air printanier souffle dans ce num\u00e9ro printemps-\u00e9t\u00e9 2023 plac\u00e9 sous le signe de la curiosit\u00e9, de l&#8217;ouverture aux autres.<\/b><\/p><p>Le po\u00e8te dit : &#8220;Les rencontres sont comme le vent, certaines vous effleurent la peau, d&#8217;autres vous renversent.&#8221; Amazing Beaujolais interpr\u00e8te cette citation et vous propose les rencontres qui nous ont boulevers\u00e9es par leur humanit\u00e9, leur curiosit\u00e9, leur g\u00e9n\u00e9rosit\u00e9, leur ing\u00e9niosit\u00e9, leur cr\u00e9ativit\u00e9.<\/p><p>Que la revue soit pour vous comme un Omotenashi ou l&#8217;art de recevoir ses clients avec gratitude en anticipant leurs besoins pour mieux les satisfaire. Cet art venu du Japon et r\u00e9interpr\u00e9t\u00e9 par Amazing Beaujolais vous emporte vers des rencontres exceptionnelles, des adresses confidentielles : l&#8217;Ecole H\u00f4teli\u00e8re Tsuji et le Lime Tree School, deux \u00e9coles, deux cultures.<\/p><p>Ce num\u00e9ro surprenant vous transporte outre-Atlantique pour le sport et l&#8217;amour de l&#8217;art. Vous rencontrerez de grands hommes venus du Danemark et d&#8217;Afrique mais aussi de grands arbres originaires du Canada, un Chef breton, un vigneron \u00e9leveur, des ch\u00e2telains \u00e9picuriens qui m\u00ealent vin et culture. Tous sont pour nous les ambassadeurs de ce territoire d&#8217;exception.<\/p><p>&#8220;Pour celui qui sait regarder et sentir, chaque minute de cette vie libre et vagabonde est un enchantement&#8221; \u00e9crivait Alexandra David N\u00e9el, bonne lecture et bel \u00e9t\u00e9 !<\/p><p><b>Dominique clausel<\/b><\/p>\t\t\t\t\t\t<\/div>\n\t\t\t\t<\/div>\n\t\t\t\t\t<\/div>\n\t\t<\/div>\n\t\t\t\t<div class=\"elementor-column elementor-col-50 elementor-inner-column elementor-element elementor-element-0b1c4b8\" data-id=\"0b1c4b8\" data-element_type=\"column\" data-settings=\"{&quot;background_background&quot;:&quot;classic&quot;}\">\n\t\t\t<div class=\"elementor-widget-wrap elementor-element-populated\">\n\t\t\t\t\t\t<div class=\"elementor-element elementor-element-9860e71 elementor-widget elementor-widget-spacer\" data-id=\"9860e71\" data-element_type=\"widget\" data-widget_type=\"spacer.default\">\n\t\t\t\t<div class=\"elementor-widget-container\">\n\t\t\t\t\t<div class=\"elementor-spacer\">\n\t\t\t<div class=\"elementor-spacer-inner\"><\/div>\n\t\t<\/div>\n\t\t\t\t<\/div>\n\t\t\t\t<\/div>\n\t\t\t\t<div class=\"elementor-element elementor-element-302c9ac elementor-widget elementor-widget-heading\" data-id=\"302c9ac\" data-element_type=\"widget\" data-widget_type=\"heading.default\">\n\t\t\t\t<div class=\"elementor-widget-container\">\n\t\t\t<h2 class=\"elementor-heading-title elementor-size-default\">Subscribe<\/h2>\t\t<\/div>\n\t\t\t\t<\/div>\n\t\t\t\t<div class=\"elementor-element elementor-element-0b9a127 elementor-widget elementor-widget-image\" data-id=\"0b9a127\" data-element_type=\"widget\" data-widget_type=\"image.default\">\n\t\t\t\t<div class=\"elementor-widget-container\">\n\t\t\t\t\t\t\t\t\t\t\t\t\t\t<a href=\"https:\/\/amazingbeaujolais.fr\/en\/abonnement\/abonnement-au-magazine-amazing-beaujolais\/\">\n\t\t\t\t\t\t\t<img decoding=\"async\" width=\"768\" height=\"1086\" src=\"https:\/\/amazingbeaujolais.fr\/wp-content\/uploads\/2023\/05\/Amazing23_N4_Couv.jpg-768x1086.jpg\" class=\"attachment-medium_large size-medium_large wp-image-1631\" alt=\"\" srcset=\"https:\/\/amazingbeaujolais.fr\/wp-content\/uploads\/2023\/05\/Amazing23_N4_Couv.jpg-768x1086.jpg 768w, https:\/\/amazingbeaujolais.fr\/wp-content\/uploads\/2023\/05\/Amazing23_N4_Couv.jpg-212x300.jpg 212w, https:\/\/amazingbeaujolais.fr\/wp-content\/uploads\/2023\/05\/Amazing23_N4_Couv.jpg-724x1024.jpg 724w, https:\/\/amazingbeaujolais.fr\/wp-content\/uploads\/2023\/05\/Amazing23_N4_Couv.jpg-1086x1536.jpg 1086w, https:\/\/amazingbeaujolais.fr\/wp-content\/uploads\/2023\/05\/Amazing23_N4_Couv.jpg-1448x2048.jpg 1448w, https:\/\/amazingbeaujolais.fr\/wp-content\/uploads\/2023\/05\/Amazing23_N4_Couv.jpg-8x12.jpg 8w, https:\/\/amazingbeaujolais.fr\/wp-content\/uploads\/2023\/05\/Amazing23_N4_Couv.jpg-600x848.jpg 600w, https:\/\/amazingbeaujolais.fr\/wp-content\/uploads\/2023\/05\/Amazing23_N4_Couv.jpg-scaled.jpg 1810w\" sizes=\"(max-width: 768px) 100vw, 768px\" \/>\t\t\t\t\t\t\t\t<\/a>\n\t\t\t\t\t\t\t\t\t\t\t\t\t<\/div>\n\t\t\t\t<\/div>\n\t\t\t\t<div class=\"elementor-element elementor-element-63afcf5 elementor-widget elementor-widget-image\" data-id=\"63afcf5\" data-element_type=\"widget\" data-widget_type=\"image.default\">\n\t\t\t\t<div class=\"elementor-widget-container\">\n\t\t\t\t\t\t\t\t\t\t\t\t\t\t<a href=\"https:\/\/amazingbeaujolais.fr\/en\/abonnement\/abonnement-au-magazine-amazing-beaujolais\/\">\n\t\t\t\t\t\t\t<img decoding=\"async\" width=\"500\" height=\"426\" src=\"https:\/\/amazingbeaujolais.fr\/wp-content\/uploads\/2021\/11\/liste-formules-abonnement-accueil_4offres.png\" class=\"attachment-large size-large wp-image-497\" alt=\"AMAZING BEAUJOLAIS - OFFRES ABONNEMENTS\" srcset=\"https:\/\/amazingbeaujolais.fr\/wp-content\/uploads\/2021\/11\/liste-formules-abonnement-accueil_4offres.png 500w, https:\/\/amazingbeaujolais.fr\/wp-content\/uploads\/2021\/11\/liste-formules-abonnement-accueil_4offres-300x256.png 300w, https:\/\/amazingbeaujolais.fr\/wp-content\/uploads\/2021\/11\/liste-formules-abonnement-accueil_4offres-14x12.png 14w\" sizes=\"(max-width: 500px) 100vw, 500px\" \/>\t\t\t\t\t\t\t\t<\/a>\n\t\t\t\t\t\t\t\t\t\t\t\t\t<\/div>\n\t\t\t\t<\/div>\n\t\t\t\t\t<\/div>\n\t\t<\/div>\n\t\t\t\t\t<\/div>\n\t\t<\/section>\n\t\t\t\t\t<\/div>\n\t\t<\/div>\n\t\t\t\t\t<\/div>\n\t\t<\/section>\n\t\t\t\t<section data-particle_enable=\"false\" data-particle-mobile-disabled=\"false\" class=\"elementor-section elementor-top-section elementor-element elementor-element-3201b87 elementor-section-boxed elementor-section-height-default elementor-section-height-default\" data-id=\"3201b87\" data-element_type=\"section\" data-settings=\"{&quot;background_background&quot;:&quot;classic&quot;}\">\n\t\t\t\t\t\t<div class=\"elementor-container elementor-column-gap-default\">\n\t\t\t\t\t<div class=\"elementor-column elementor-col-100 elementor-top-column elementor-element elementor-element-078d53b\" data-id=\"078d53b\" data-element_type=\"column\">\n\t\t\t<div class=\"elementor-widget-wrap elementor-element-populated\">\n\t\t\t\t\t\t<div class=\"elementor-element elementor-element-936fd86 elementor-widget elementor-widget-heading\" data-id=\"936fd86\" data-element_type=\"widget\" data-widget_type=\"heading.default\">\n\t\t\t\t<div class=\"elementor-widget-container\">\n\t\t\t<h2 class=\"elementor-heading-title elementor-size-default\">In the \"Revue\"<\/h2>\t\t<\/div>\n\t\t\t\t<\/div>\n\t\t\t\t<div class=\"elementor-element elementor-element-0a3e755 elementor-widget elementor-widget-eael-post-carousel\" data-id=\"0a3e755\" data-element_type=\"widget\" data-settings=\"{&quot;items&quot;:{&quot;unit&quot;:&quot;px&quot;,&quot;size&quot;:3,&quot;sizes&quot;:[]},&quot;items_tablet&quot;:{&quot;unit&quot;:&quot;px&quot;,&quot;size&quot;:2,&quot;sizes&quot;:[]},&quot;items_mobile&quot;:{&quot;unit&quot;:&quot;px&quot;,&quot;size&quot;:1,&quot;sizes&quot;:[]}}\" data-widget_type=\"eael-post-carousel.default\">\n\t\t\t\t<div class=\"elementor-widget-container\">\n\t\t\t        <div class=\"swiper-container-wrap eael-logo-carousel-wrap eael-post-grid-container eael-post-carousel-wrap eael-post-carousel-style-default swiper-container-wrap-dots-outside\" id=\"eael-post-grid-0a3e755\">\n            <div class=\"swiper-container eael-post-carousel eael-post-grid swiper-container-0a3e755 eael-post-appender-0a3e755\" data-pagination=\".swiper-pagination-0a3e755\" data-arrow-next=\".swiper-button-next-0a3e755\" data-arrow-prev=\".swiper-button-prev-0a3e755\" data-items-mobile=\"1\" data-items-tablet=\"2\" data-items=\"3\" data-margin=\"10\" data-effect=\"slide\" data-speed=\"500\" data-autoplay=\"4000\" data-loop=\"1\" data-arrows=\"1\" data-dots=\"1\">\n                <div class=\"swiper-wrapper\">\n\t\t\t\t\t<div class=\"swiper-slide\"><article class=\"eael-grid-post eael-post-grid-column\">\n    <div class=\"eael-grid-post-holder\">\n        <div class=\"eael-grid-post-holder-inner\"><div class=\"eael-entry-media eael-entry-medianone\"><div class=\"eael-entry-overlay fade-in\"><i class=\"fas fa-search-plus\" aria-hidden=\"true\"><\/i><a href=\"https:\/\/amazingbeaujolais.fr\/en\/la-constellation-brandao\/\"><\/a><\/div><div class=\"eael-entry-thumbnail\">\n                    <img decoding=\"async\" src=\"https:\/\/amazingbeaujolais.fr\/wp-content\/uploads\/2026\/03\/DenisLaveur-StAmour2024061400199.jpg\" alt=\"Les d\u00eeners \u00e0 la belle \u00e9toile\">\n                    <a href=\"https:\/\/amazingbeaujolais.fr\/en\/la-constellation-brandao\/\"><\/a>\n                <\/div><\/div><div class=\"eael-entry-wrapper\"><header class=\"eael-entry-header\"><h2 class=\"eael-entry-title\"><a class=\"eael-grid-post-link\" href=\"https:\/\/amazingbeaujolais.fr\/en\/la-constellation-brandao\/\" title=\"La constellation Brandao\">La constellation Brandao<\/a><\/h2><\/header><\/div><div class=\"eael-entry-content\">\n            <div class=\"eael-grid-post-excerpt\"><div class=\"eael-post-elements-readmore-wrap\"><a href=\"https:\/\/amazingbeaujolais.fr\/en\/la-constellation-brandao\/\" class=\"eael-post-elements-readmore-btn\"><\/a><\/div><\/div>\n        <\/div><\/div><\/div><\/article><\/div><div class=\"swiper-slide\"><article class=\"eael-grid-post eael-post-grid-column\">\n    <div class=\"eael-grid-post-holder\">\n        <div class=\"eael-grid-post-holder-inner\"><div class=\"eael-entry-media eael-entry-medianone\"><div class=\"eael-entry-overlay fade-in\"><i class=\"fas fa-search-plus\" aria-hidden=\"true\"><\/i><a href=\"https:\/\/amazingbeaujolais.fr\/en\/victor-nest-pas-mort-il-respire-encore\/\"><\/a><\/div><div class=\"eael-entry-thumbnail\">\n                    <img decoding=\"async\" src=\"https:\/\/amazingbeaujolais.fr\/wp-content\/uploads\/2025\/02\/DenisLaveur-MaisonVermorel2024092500137-768x512.jpg\" alt=\"\">\n                    <a href=\"https:\/\/amazingbeaujolais.fr\/en\/victor-nest-pas-mort-il-respire-encore\/\"><\/a>\n                <\/div><\/div><div class=\"eael-entry-wrapper\"><header class=\"eael-entry-header\"><h2 class=\"eael-entry-title\"><a class=\"eael-grid-post-link\" href=\"https:\/\/amazingbeaujolais.fr\/en\/victor-nest-pas-mort-il-respire-encore\/\" title=\"Victor n&#8217;est pas mort, il respire encore&#8230;\">Victor n&#8217;est pas mort, il respire encore&#8230;<\/a><\/h2><\/header><\/div><div class=\"eael-entry-content\">\n            <div class=\"eael-grid-post-excerpt\"><div class=\"eael-post-elements-readmore-wrap\"><a href=\"https:\/\/amazingbeaujolais.fr\/en\/victor-nest-pas-mort-il-respire-encore\/\" class=\"eael-post-elements-readmore-btn\"><\/a><\/div><\/div>\n        <\/div><\/div><\/div><\/article><\/div><div class=\"swiper-slide\"><article class=\"eael-grid-post eael-post-grid-column\">\n    <div class=\"eael-grid-post-holder\">\n        <div class=\"eael-grid-post-holder-inner\"><div class=\"eael-entry-media eael-entry-medianone\"><div class=\"eael-entry-overlay fade-in\"><i class=\"fas fa-search-plus\" aria-hidden=\"true\"><\/i><a href=\"https:\/\/amazingbeaujolais.fr\/en\/quand-le-beaujolais-chique\/\"><\/a><\/div><div class=\"eael-entry-thumbnail\">\n                    <img decoding=\"async\" src=\"https:\/\/amazingbeaujolais.fr\/wp-content\/uploads\/2025\/02\/DenisLaveur-ValeryDeGuisa2023103000053-768x512.jpg\" alt=\"Des cigares made in Beaujolais\">\n                    <a href=\"https:\/\/amazingbeaujolais.fr\/en\/quand-le-beaujolais-chique\/\"><\/a>\n                <\/div><\/div><div class=\"eael-entry-wrapper\"><header class=\"eael-entry-header\"><h2 class=\"eael-entry-title\"><a class=\"eael-grid-post-link\" href=\"https:\/\/amazingbeaujolais.fr\/en\/quand-le-beaujolais-chique\/\" title=\"Le Beaujolais chique chic !\">Le Beaujolais chique chic !<\/a><\/h2><\/header><\/div><div class=\"eael-entry-content\">\n            <div class=\"eael-grid-post-excerpt\"><div class=\"eael-post-elements-readmore-wrap\"><a href=\"https:\/\/amazingbeaujolais.fr\/en\/quand-le-beaujolais-chique\/\" class=\"eael-post-elements-readmore-btn\"><\/a><\/div><\/div>\n        <\/div><\/div><\/div><\/article><\/div><div class=\"swiper-slide\"><article class=\"eael-grid-post eael-post-grid-column\">\n    <div class=\"eael-grid-post-holder\">\n        <div class=\"eael-grid-post-holder-inner\"><div class=\"eael-entry-media eael-entry-medianone\"><div class=\"eael-entry-overlay fade-in\"><i class=\"fas fa-search-plus\" aria-hidden=\"true\"><\/i><a href=\"https:\/\/amazingbeaujolais.fr\/en\/le-chateau-de-briante-saint-lager\/\"><\/a><\/div><div class=\"eael-entry-thumbnail\">\n                    <img decoding=\"async\" src=\"https:\/\/amazingbeaujolais.fr\/wp-content\/uploads\/2024\/04\/DenisLaveur-Briante2023100500015-768x512.jpg\" alt=\"Ch\u00e2teau de Briante\">\n                    <a href=\"https:\/\/amazingbeaujolais.fr\/en\/le-chateau-de-briante-saint-lager\/\"><\/a>\n                <\/div><\/div><div class=\"eael-entry-wrapper\"><header class=\"eael-entry-header\"><h2 class=\"eael-entry-title\"><a class=\"eael-grid-post-link\" href=\"https:\/\/amazingbeaujolais.fr\/en\/le-chateau-de-briante-saint-lager\/\" title=\"Le ch\u00e2teau de Briante &#8211; Saint-Lager\">Le ch\u00e2teau de Briante &#8211; Saint-Lager<\/a><\/h2><\/header><\/div><div class=\"eael-entry-content\">\n            <div class=\"eael-grid-post-excerpt\"><div class=\"eael-post-elements-readmore-wrap\"><a href=\"https:\/\/amazingbeaujolais.fr\/en\/le-chateau-de-briante-saint-lager\/\" class=\"eael-post-elements-readmore-btn\"><\/a><\/div><\/div>\n        <\/div><\/div><\/div><\/article><\/div>                <\/div>\n            <\/div>\n            <div class=\"clearfix\"><\/div>\n\t\t\t            <!-- Add Pagination -->\n            <div class=\"swiper-pagination swiper-pagination-0a3e755\"><\/div>\n\t\t\t\t\t            <!-- Add Arrows -->\n            <div class=\"swiper-button-next swiper-button-next-0a3e755\">\n                <i class=\"fa fa-angle-right\"><\/i>\n            <\/div>\n            <div class=\"swiper-button-prev swiper-button-prev-0a3e755\">\n                <i class=\"fa fa-angle-left\"><\/i>\n            <\/div>\n\t\t\t        <\/div>\n\t\t\t\t<\/div>\n\t\t\t\t<\/div>\n\t\t\t\t\t<\/div>\n\t\t<\/div>\n\t\t\t\t\t<\/div>\n\t\t<\/section>\n\t\t\t\t<\/div>","protected":false},"excerpt":{"rendered":"<p>L&#8217;\u00e9dito Un air printanier souffle dans ce num\u00e9ro printemps-\u00e9t\u00e9 2023 plac\u00e9 sous le signe de la curiosit\u00e9, de l&#8217;ouverture aux autres. Le po\u00e8te dit : &#8220;Les rencontres sont comme le vent, certaines vous effleurent la peau, d&#8217;autres vous renversent.&#8221; Amazing Beaujolais interpr\u00e8te cette citation et vous propose les rencontres qui nous ont boulevers\u00e9es par leur [&hellip;]<\/p>","protected":false},"author":2,"featured_media":0,"parent":477,"menu_order":0,"comment_status":"closed","ping_status":"closed","template":"","meta":{"_acf_changed":false,"om_disable_all_campaigns":false,"inline_featured_image":false,"_monsterinsights_skip_tracking":false,"_monsterinsights_sitenote_active":false,"_monsterinsights_sitenote_note":"","_monsterinsights_sitenote_category":0,"jetpack_post_was_ever_published":false,"footnotes":""},"class_list":["post-1176","page","type-page","status-publish","hentry"],"acf":[],"aioseo_notices":[],"jetpack_sharing_enabled":true,"_links":{"self":[{"href":"https:\/\/amazingbeaujolais.fr\/en\/wp-json\/wp\/v2\/pages\/1176","targetHints":{"allow":["GET"]}}],"collection":[{"href":"https:\/\/amazingbeaujolais.fr\/en\/wp-json\/wp\/v2\/pages"}],"about":[{"href":"https:\/\/amazingbeaujolais.fr\/en\/wp-json\/wp\/v2\/types\/page"}],"author":[{"embeddable":true,"href":"https:\/\/amazingbeaujolais.fr\/en\/wp-json\/wp\/v2\/users\/2"}],"replies":[{"embeddable":true,"href":"https:\/\/amazingbeaujolais.fr\/en\/wp-json\/wp\/v2\/comments?post=1176"}],"version-history":[{"count":5,"href":"https:\/\/amazingbeaujolais.fr\/en\/wp-json\/wp\/v2\/pages\/1176\/revisions"}],"predecessor-version":[{"id":1844,"href":"https:\/\/amazingbeaujolais.fr\/en\/wp-json\/wp\/v2\/pages\/1176\/revisions\/1844"}],"up":[{"embeddable":true,"href":"https:\/\/amazingbeaujolais.fr\/en\/wp-json\/wp\/v2\/pages\/477"}],"wp:attachment":[{"href":"https:\/\/amazingbeaujolais.fr\/en\/wp-json\/wp\/v2\/media?parent=1176"}],"curies":[{"name":"wp","href":"https:\/\/api.w.org\/{rel}","templated":true}]}}