{"id":3,"date":"2021-10-11T11:51:38","date_gmt":"2021-10-11T11:51:38","guid":{"rendered":"http:\/\/amazingbeaujolais.fr\/?page_id=3"},"modified":"2022-10-19T08:53:42","modified_gmt":"2022-10-19T08:53:42","slug":"conditions-generales-de-vente","status":"publish","type":"page","link":"https:\/\/amazingbeaujolais.fr\/en\/conditions-generales-de-vente\/","title":{"rendered":"Terms of Sales"},"content":{"rendered":"<div data-elementor-type=\"wp-page\" data-elementor-id=\"3\" class=\"elementor elementor-3\">\n\t\t\t\t\t\t<section data-particle_enable=\"false\" data-particle-mobile-disabled=\"false\" class=\"elementor-section elementor-top-section elementor-element elementor-element-dc9d22f elementor-section-full_width elementor-section-height-default elementor-section-height-default\" data-id=\"dc9d22f\" data-element_type=\"section\" data-settings=\"{&quot;background_background&quot;:&quot;classic&quot;}\">\n\t\t\t\t\t\t\t<div class=\"elementor-background-overlay\"><\/div>\n\t\t\t\t\t\t\t<div class=\"elementor-container elementor-column-gap-default\">\n\t\t\t\t\t<div class=\"elementor-column elementor-col-100 elementor-top-column elementor-element elementor-element-1887266\" data-id=\"1887266\" data-element_type=\"column\" data-settings=\"{&quot;background_background&quot;:&quot;classic&quot;}\">\n\t\t\t<div class=\"elementor-widget-wrap elementor-element-populated\">\n\t\t\t\t\t\t<section data-particle_enable=\"false\" data-particle-mobile-disabled=\"false\" class=\"elementor-section elementor-inner-section elementor-element elementor-element-9abcbc6 elementor-section-boxed elementor-section-height-default elementor-section-height-default\" data-id=\"9abcbc6\" data-element_type=\"section\">\n\t\t\t\t\t\t<div class=\"elementor-container elementor-column-gap-default\">\n\t\t\t\t\t<div class=\"elementor-column elementor-col-100 elementor-inner-column elementor-element elementor-element-691d33a\" data-id=\"691d33a\" data-element_type=\"column\" data-settings=\"{&quot;background_background&quot;:&quot;classic&quot;}\">\n\t\t\t<div class=\"elementor-widget-wrap elementor-element-populated\">\n\t\t\t\t\t\t<div class=\"elementor-element elementor-element-d15e53d elementor-widget elementor-widget-heading\" data-id=\"d15e53d\" data-element_type=\"widget\" data-widget_type=\"heading.default\">\n\t\t\t\t<div class=\"elementor-widget-container\">\n\t\t\t<h2 class=\"elementor-heading-title elementor-size-default\">Terms and conditions<\/h2>\t\t<\/div>\n\t\t\t\t<\/div>\n\t\t\t\t<div class=\"elementor-element elementor-element-790cd4c elementor-widget elementor-widget-text-editor\" data-id=\"790cd4c\" data-element_type=\"widget\" data-widget_type=\"text-editor.default\">\n\t\t\t\t<div class=\"elementor-widget-container\">\n\t\t\t\t\t\t\t<p>1 - FIELD OF APPLICATION<br \/>2 - PERSONAL INFORMATION<br \/>3 - RETENTION OF OWNERSHIP<br \/>4 - PRICE<br \/>5 - ORDER<br \/>6 - VALIDATION<br \/>7 - TERMS OF PAYMENT<br \/>8 - CONSERVATION AND ARCHIVING OF TRANSACTIONS<br \/>9 - AVAILABILITY AND PERIOD OF VALIDITY OF OFFERS<br \/>10 - DELIVERY<br \/>11 - VAT AND CUSTOMS FEES<br \/>12 - NON-CONFORMITY OF THE GOODS DELIVERED<br \/>13 - GUARANTEES AND AFTER-SALES SERVICE<br \/>14 - RIGHT OF WITHDRAWAL<br \/>15 - RESPONSIBILITY<br \/>16 - CUSTOMER SERVICE<br \/>17 - APPLICABLE LAW - DISPUTES<\/p><h6>1 - FIELD OF APPLICATION<\/h6><p>These conditions are concluded between, on the one hand, the company SAS B AMAZING, publisher of the magazine AMAZING BEAUJOLAIS and of the website http:\/\/amazingbeaujolais.fr, registered with RCS Villefranche-Tarare under number 901 885 020 and located at 60 lot les Vignes du Montjoly, 69430 Quinci\u00e9-en-Beaujolais France, hereinafter referred to as \u201cB AMAZING\u201d and, on the other hand, persons wishing to make a purchase via the amazingbeaujolais.fr website hereinafter referred to as \u201cTHE CUSTOMER&quot;. These conditions apply exclusively to non-commercial individuals. These conditions aim to define the terms of sale between B AMAZING and the CUSTOMER, from the order to the services, including payment and delivery.<\/p><p>B AMAZING reserves the right to modify these general conditions of sale at any time. Nevertheless, the General Conditions of Sale applicable to the order placed by a CUSTOMER on the B AMAZING site are those accepted by the Customer at the time of placing his order.<\/p><h6>2 - PERSONAL INFORMATION<\/h6><p>B AMAZING s\u2019engage \u00e0 ne pas divulguer \u00e0 des tiers les informations communiqu\u00e9es par le CLIENT. Celles-ci sont confidentielles. Elles ne seront utilis\u00e9es par ses services internes que pour le traitement des commandes et pour renforcer et personnaliser la communication envers ses CLIENTS. Conform\u00e9ment \u00e0 la loi informatique et libert\u00e9s du 6 janvier 1978, le CLIENT poss\u00e8de un droit d\u2019acc\u00e8s, de modification et de suppression des donn\u00e9es personnelles le concernant. Il peut adresser sa demande \u00e0 l\u2019adresse ci-apr\u00e8s : B AMAZING \u2013 60 lot les Vignes du Montjoly 69430 Quinci\u00e9 en Beaujolais France, ou \u00e0 l\u2019adresse e-mail suivante : abclausel@gmail.com .<\/p><h6>3 - RETENTION OF OWNERSHIP<\/h6><p>The products remain the property of B AMAZING until full receipt of the price paid by the CUSTOMER. The resale of products purchased on the amazingbeaujolais.fr site is strictly prohibited.<\/p><h6>4 - PRICE<\/h6><p>Les prix des produits sont indiqu\u00e9s en Euros toutes taxes comprises hors participation aux frais de traitement et d\u2019exp\u00e9dition, d\u2019\u00e9ventuelles offres promotionnelles et r\u00e9ductions personnelles, d\u00e9taill\u00e9s avant la validation de la commande par le client et repr\u00e9cis\u00e9s dans la facture \u00e0 l\u2019attention du client, disponible sur demande \u00e0 l\u2019adresse suivante : abclausel@gmail.com<\/p><p>B AMAZING reserves the right to modify its prices at any time, but the products will be invoiced on the basis of the prices in force at the time of the recording of the orders subject to stock available on that date. Any change in the VAT rate can be automatically reflected in the prices.<\/p><p>FREE DURATION: With regard to the price of open-ended subscriptions paid by direct debit, B AMAZING may modify the amount of these current subscriptions after having informed the subscriber. If the subscriber wishes to opt out, he can terminate his subscription at any time in accordance with the terms set out in article 14.<\/p><h6>5 - ORDER<\/h6><p>The CUSTOMER can place his order at amazingbeaujolais.fr in the website shop 24\/7.<\/p><p>Any CLIENT of SAS B AMAZING declares to have the capacity to contract under the conditions described below, that is to say to be an emancipated minor or to have the legal majority and not to be protected within the meaning of article 488 of the Code. Civil.<\/p><p>Acceptance and confirmation of the order are carried out by entering data on successive screen pages. These data appear on a summary screen which includes an explicit mention of the CLIENT&#039;s firm commitment. Once his order has been validated, the CUSTOMER declares to accept all of these General Conditions of Sale without reservation. Orders are confirmed to the CUSTOMER by email. The data recorded by B AMAZING constitutes proof of all transactions made by B AMAZING and its CUSTOMERS. The data recorded by the payment system constitutes proof of financial transactions.<\/p><p>These Conditions can be read directly on the amazingbeaujolais.fr site. At the CLIENT&#039;s simple request, they can also be sent by e-mail.<br \/>The fact that the CUSTOMER ticks the box \u201dI accept the general conditions of sale\u201d, before proceeding to the secure payment, constitutes an irrevocable acceptance which can only be called into question in the cases exhaustively provided for in these general conditions of sale under the paragraph \u201cright of withdrawal\u201d. The Customer acknowledges by this act having read and understood these Conditions and accept them.<\/p><p>B AMAZING reserves the right to cancel or refuse any order from a CUSTOMER with whom there is an ongoing dispute or suspicion of fraud.<\/p><h6>6 - VALIDATION<\/h6><p>The CUSTOMER declares to have read and accepted these General Conditions of Sale before placing his order. The validation of his order therefore implies acceptance of these General Conditions of Sale. Unless proven otherwise, the data recorded by the computer systems of the amazingbeaujolais.fr site constitute proof of all communications, orders and payments made between B AMAZING and its CUSTOMERS.<\/p><h6>7 - TERMS OF PAYMENT<\/h6><p>The CUSTOMER can pay for his order online by credit card (Carte Bleue, Visa, Eurocard-Mastercard). The CUSTOMER guarantees the company B AMAZING that he has the necessary authorizations to use the method of payment chosen by him, during the validation of the order form. Purchases are debited from the CLIENT&#039;s account when the order is processed.<br \/>B AMAZING met en \u0153uvre tous les moyens n\u00e9cessaires pour assurer la s\u00e9curit\u00e9 et la confidentialit\u00e9 des donn\u00e9es transmises en ligne. Dans ce but, le site utilise un mode s\u00e9curis\u00e9 de paiement SSL qui permet le cryptage de vos coordonn\u00e9es bancaires lors de leur transmission sur le r\u00e9seau. Vous rep\u00e9rez que la transmission est crypt\u00e9e par un logiciel d\u00e8s lors qu\u2019appara\u00eet dans votre navigateur le symbole du cadenas. La transaction s\u2019effectue via le syst\u00e8me de transaction s\u00e9curis\u00e9e STRIPE, qui seule dispose des informations bancaires fournies sur le site au moment du paiement.<\/p><p>B AMAZING reserves the right to suspend any order management and any delivery in the event of refusal of authorization of payment by bank card on the part of officially accredited bodies. B AMAZING reserves the right in particular to refuse to make a delivery or to honor an order from a CUSTOMER who has not fully or partially paid a previous order or with whom a payment dispute is in progress. administration.<\/p><h6>8 - CONSERVATION AND ARCHIVING OF TRANSACTIONS<\/h6><p>The archiving of purchase orders and invoices is carried out on a reliable and durable medium so as to correspond to a faithful and durable copy in accordance with article 1348 of the civil code.<\/p><h6>9 - AVAILABILITY AND PERIOD OF VALIDITY OF OFFERS<\/h6><p>Les offres de produits sont valables tant qu\u2019elles sont visibles sur le site, dans la limite des stocks disponibles chez nos fournisseurs. En cas d\u2019indisponibilit\u00e9 de produit apr\u00e8s passation d\u2019une commande, le CLIENT en sera inform\u00e9 dans les meilleurs d\u00e9lais par e-mail. Il pourra alors demander l\u2019annulation de sa commande par l\u2019interm\u00e9diaire de l\u2019adresse e-mail abclausel@gmail.com et sera, le cas \u00e9ch\u00e9ant, imm\u00e9diatement rembours\u00e9 ou pourra choisir le remplacement du produit manquant par un produit \u00e9quivalent.<\/p><h6>10 - DELIVERY<\/h6><p>The products are delivered to the delivery address indicated by the CUSTOMER during the ordering process. B AMAZING uses La Poste&#039;s shipping services throughout France, its overseas communities and the rest of the world.<\/p><p>The average delivery times of the Post office may vary depending on events beyond the control of B AMAZING, which cannot be attributed to it and cannot under any circumstances give rise to any deduction or compensation. B AMAZING reserves the right to split deliveries.<\/p><h6>11 - VAT AND CUSTOMS FEES<\/h6><p>For the countries of the European Union and overseas communities, French VAT is applied to the rate excluding taxes. For all other countries, customs duties or other local taxes or import duties or state taxes may then be payable. These rights and sums are not the responsibility of B AMAZING. They will be the responsibility of the CUSTOMER and are their sole responsibility both in terms of declarations and payments to the competent authorities and bodies in their country. We advise them to find out about these aspects from their local authorities.<\/p><h6>12 - NON-CONFORMITY OF THE GOODS DELIVERED<\/h6><p>The CUSTOMER must verify upon receipt the conformity of the products delivered to the products ordered and the absence of any apparent defect. If no complaint or reservation is formulated in this respect by the CUSTOMER within the time limits in accordance with article 1642 of the Civil Code, said products may no longer be returned or exchanged. In the event of an apparent defect or non-conformity of the products delivered to the products ordered (the confirmation e-mail as proof) noted by the CUSTOMER, B AMAZING undertakes to replace the products delivered with new products identical to the ordered. In the event of an obvious defect, the costs incurred by the return and delivery of the new products are the sole responsibility of B AMAZING.<\/p><h6>13 - GUARANTEES AND AFTER-SALES SERVICE<\/h6><p>If the product received contains a hidden defect, the CUSTOMER is invited to inform B AMAZING customer service by e-mail as soon as possible. He must then return the goods by post within 30 French working days, attaching any documentary proof (e-mails confirming the order, invoice, delivery slip or any customs documents). The defective item will then be exchanged (within the limits of available stocks). If the product is not available, and in this case only, B AMAZING undertakes to reimburse the CUSTOMER for all the sums paid or to offer him equivalent products in exchange, within a maximum period of 30 days. B AMAZING will not accept any return of products beyond a period of 30 French working days following delivery.<\/p><h6>14 - WITHDRAWAL - TERMINATION<\/h6><p>RETRACTION<br \/>In the context of distance selling (without the simultaneous physical presence of the parties), the CUSTOMER has, according to Article L 121-21 of the French Consumer Code, can exercise his right of withdrawal without having to pay penalties if it Ci contracts a subscription on amazingbeaujolais.fr.<\/p><p>Only Subscribers have a right of withdrawal. Supplies of newspapers, periodicals or magazines sold individually do not benefit from this right of withdrawal.<\/p><p>The subscriber has a period of 14 (fourteen) clear days to exercise his right of withdrawal from the date of receipt of the first number in accordance with the provisions of article L 221-18 et seq. Of the Consumer Code.<\/p><p>La demande d\u2019interruption d\u2019un abonnement peut s\u2019effectuer en contactant le service abonnement de B AMAZING par le formulaire de contact, par courrier \u00e9lectronique (abclausel@gmail.com) ou par t\u00e9l\u00e9phone (+33 6 78 13 07 68), qui indiquera au CLIENT les modalit\u00e9s \u00e0 suivre.<\/p><p>The CUSTOMER must specify the Subscriber&#039;s name, first name, e-mail address as well as the Subscriber number. Any incomplete termination request will not be taken into account.<\/p><p>In the event of an error attributable to B AMAZING (defective item or order preparation error), B AMAZING bears the cost of returning the item in question. The customer must send the carrier&#039;s invoice to B AMAZING to obtain compensation.<br \/>Returned products must be intact, in perfect condition for resale, in their original packaging. They must not have been used, nor have undergone any deterioration, however minimal and in a state of perfect cleanliness. Any product that is damaged, incomplete, or whose original packaging is damaged, will not be refunded or exchanged.<br \/>This right of withdrawal is exercised without penalty, with the exception of transport costs which remain the responsibility of the CUSTOMER if applicable.<br \/>In the event of a request for reimbursement, B AMAZING will make all possible efforts to reimburse the CUSTOMER within a reasonable period of time.<\/p><p>In the event of an error attributable to B AMAZING (defective item or order preparation error), B AMAZING bears the cost of returning the item in question. The customer must send the carrier&#039;s invoice to B AMAZING to obtain compensation.<br \/>Returned products must be intact, in perfect condition for resale, in their original packaging. They must not have been used, nor have undergone any deterioration, however minimal and in a state of perfect cleanliness. Any product that is damaged, incomplete, or whose original packaging is damaged, will not be refunded or exchanged.<br \/>This right of withdrawal is exercised without penalty, with the exception of transport costs which remain the responsibility of the CUSTOMER if applicable.<br \/>In the event of a request for reimbursement, B AMAZING will make all possible efforts to reimburse the CUSTOMER within a reasonable period of time.<\/p><p>TERMINATION<br \/>Le CLIENT peut \u00e0 tout moment demander la r\u00e9siliation de son abonnement par l\u2019envoi d\u2019un courrier ou d\u2019un email au service abonnement. La suspension prendra effet \u00e0 la date d\u2019\u00e9ch\u00e9ance soit 6 mois avant la parution du num\u00e9ro (parutions en mai et novembre).<\/p><p>By mail<br \/>B AMAZING<br \/>Subscriber Service<br \/>60 lot les Vignes du Montjoly<br \/>69430 Quinci\u00e9 in Beaujolais<\/p><p>Par email : abclausel@gmail.com<\/p><p>The CUSTOMER must specify the Subscriber&#039;s name, first name, e-mail address as well as the Subscriber number. Any incomplete termination request will not be taken into account.<\/p><p>Subscriptions with payment in one go are not automatically renewed when they expire.<\/p><p>B AMAZING may, without prejudice to any damages or any legal action, consider the subscription automatically terminated in the event of non-payment by the CUSTOMER of the sums due.<\/p><h6>15 - RESPONSIBILITY<\/h6><p>The products offered comply with current French legislation and standards applicable in France. B AMAZING cannot be held liable in the event of non-compliance with the legislation of the country where the product is delivered. It is the CUSTOMER&#039;s responsibility to check with local authorities the possibilities of importing or using the products or services that he intends to order. The characteristics of the products sold on amazingbeaujolais.fr are likely to be modified or improved at any time; the photographs and graphics reproduced illustrating the products presented may exceptionally include minor variations with the product delivered. B AMAZING cannot be held liable for any inconvenience or damage inherent in the use of the Internet network, in particular a break in service, an external intrusion or the presence of computer viruses, or any fact qualified as force majeure, in accordance with to case law.<\/p><h6>16 - CUSTOMER SERVICE<\/h6><p>B AMAZING s\u2019engage \u00e0 r\u00e9pondre au plus vite \u00e0 toute commande ou r\u00e9clamation parvenue au service clients. Le service clients r\u00e9pond aux appels (au (+33)6 78 13 07 68), e-mails (sur abclausel@gmail.com) ou courriers en fran\u00e7ais \u00e0 l\u2019adresse ci-dessous : B AMAZING 60 lot les Vignes du Montjoly 69430 Quinci\u00e9 en Beaujolais France.<\/p><h6>17 - APPLICABLE LAW - DISPUTES<\/h6><p>This agreement is subject to French law. The language of this contract is French. All disputes relating to the interpretation and execution of this contract will come under the jurisdiction of the Commercial Court of Villefranche-Tarare (France) or that of the jurisdiction of the place of delivery of the order.<\/p><p>B AMAZING<br \/>Customer service<br \/>60 lot les Vignes du Montjoly<br \/>69430 Quinci\u00e9 in Beaujolais<br \/>abclausel@gmail.com<br \/>Phone: 06 78 13 07 68<\/p>\t\t\t\t\t\t<\/div>\n\t\t\t\t<\/div>\n\t\t\t\t\t<\/div>\n\t\t<\/div>\n\t\t\t\t\t<\/div>\n\t\t<\/section>\n\t\t\t\t\t<\/div>\n\t\t<\/div>\n\t\t\t\t\t<\/div>\n\t\t<\/section>\n\t\t\t\t<\/div>","protected":false},"excerpt":{"rendered":"<p>General conditions of sale 1 \u2013 SCOPE2 \u2013 PERSONAL INFORMATION3 \u2013 RETENTION OF TITLE4 \u2013 PRICE5 \u2013 ORDER6 \u2013 VALIDATION7 \u2013 TERMS OF PAYMENT8 \u2013 STORAGE AND ARCHIVING OF TRANSACTIONS9 \u2013 AVAILABILITY AND DURATION OF VALIDITY OF OFFERS10 \u2013 DELIVERY11 \u2013 VAT AND CUSTOMS COSTS12 \u2013 NON-COMPLIANCE OF THE PROPERTY DELIVERED13 \u2013 GUARANTEES [\u2026]<\/p>","protected":false},"author":2,"featured_media":0,"parent":0,"menu_order":0,"comment_status":"closed","ping_status":"closed","template":"","meta":{"_acf_changed":false,"om_disable_all_campaigns":false,"inline_featured_image":false,"_monsterinsights_skip_tracking":false,"_monsterinsights_sitenote_active":false,"_monsterinsights_sitenote_note":"","_monsterinsights_sitenote_category":0,"jetpack_post_was_ever_published":false,"footnotes":""},"class_list":["post-3","page","type-page","status-publish","hentry"],"acf":[],"aioseo_notices":[],"jetpack_sharing_enabled":true,"_links":{"self":[{"href":"https:\/\/amazingbeaujolais.fr\/en\/wp-json\/wp\/v2\/pages\/3","targetHints":{"allow":["GET"]}}],"collection":[{"href":"https:\/\/amazingbeaujolais.fr\/en\/wp-json\/wp\/v2\/pages"}],"about":[{"href":"https:\/\/amazingbeaujolais.fr\/en\/wp-json\/wp\/v2\/types\/page"}],"author":[{"embeddable":true,"href":"https:\/\/amazingbeaujolais.fr\/en\/wp-json\/wp\/v2\/users\/2"}],"replies":[{"embeddable":true,"href":"https:\/\/amazingbeaujolais.fr\/en\/wp-json\/wp\/v2\/comments?post=3"}],"version-history":[{"count":5,"href":"https:\/\/amazingbeaujolais.fr\/en\/wp-json\/wp\/v2\/pages\/3\/revisions"}],"predecessor-version":[{"id":1412,"href":"https:\/\/amazingbeaujolais.fr\/en\/wp-json\/wp\/v2\/pages\/3\/revisions\/1412"}],"wp:attachment":[{"href":"https:\/\/amazingbeaujolais.fr\/en\/wp-json\/wp\/v2\/media?parent=3"}],"curies":[{"name":"wp","href":"https:\/\/api.w.org\/{rel}","templated":true}]}}