{"id":566,"date":"2021-11-09T13:08:12","date_gmt":"2021-11-09T13:08:12","guid":{"rendered":"https:\/\/amazingbeaujolais.fr\/?page_id=566"},"modified":"2025-02-24T14:04:55","modified_gmt":"2025-02-24T14:04:55","slug":"le-magazine","status":"publish","type":"page","link":"https:\/\/amazingbeaujolais.fr\/en\/","title":{"rendered":"The \"Revue\""},"content":{"rendered":"<div data-elementor-type=\"wp-page\" data-elementor-id=\"566\" class=\"elementor elementor-566\">\n\t\t\t\t\t\t<section data-particle_enable=\"false\" data-particle-mobile-disabled=\"false\" class=\"elementor-section elementor-top-section elementor-element elementor-element-d567d5a elementor-section-boxed elementor-section-height-default elementor-section-height-default\" data-id=\"d567d5a\" data-element_type=\"section\">\n\t\t\t\t\t\t<div class=\"elementor-container elementor-column-gap-default\">\n\t\t\t\t\t<div class=\"elementor-column elementor-col-100 elementor-top-column elementor-element elementor-element-832bf2e\" data-id=\"832bf2e\" data-element_type=\"column\">\n\t\t\t<div class=\"elementor-widget-wrap elementor-element-populated\">\n\t\t\t\t\t\t<div class=\"elementor-element elementor-element-927a658 elementor-widget elementor-widget-heading\" data-id=\"927a658\" data-element_type=\"widget\" data-widget_type=\"heading.default\">\n\t\t\t\t<div class=\"elementor-widget-container\">\n\t\t\t<h2 class=\"elementor-heading-title elementor-size-default\">The \"Revue\"<\/h2>\t\t<\/div>\n\t\t\t\t<\/div>\n\t\t\t\t<div class=\"elementor-element elementor-element-2496294 elementor--h-position-center elementor--v-position-middle elementor-arrows-position-inside elementor-pagination-position-inside elementor-widget elementor-widget-slides\" data-id=\"2496294\" data-element_type=\"widget\" data-settings=\"{&quot;navigation&quot;:&quot;both&quot;,&quot;autoplay&quot;:&quot;yes&quot;,&quot;pause_on_hover&quot;:&quot;yes&quot;,&quot;pause_on_interaction&quot;:&quot;yes&quot;,&quot;autoplay_speed&quot;:5000,&quot;infinite&quot;:&quot;yes&quot;,&quot;transition&quot;:&quot;slide&quot;,&quot;transition_speed&quot;:500}\" data-widget_type=\"slides.default\">\n\t\t\t\t<div class=\"elementor-widget-container\">\n\t\t\t\t\t<div class=\"elementor-swiper\">\n\t\t\t<div class=\"elementor-slides-wrapper elementor-main-swiper swiper-container\" dir=\"ltr\" data-animation=\"fadeInUp\">\n\t\t\t\t<div class=\"swiper-wrapper elementor-slides\">\n\t\t\t\t\t\t\t\t\t\t<div class=\"elementor-repeater-item-01445e5 swiper-slide\"><div class=\"swiper-slide-bg\"><\/div><div class=\"swiper-slide-inner\" ><div class=\"swiper-slide-contents\"><div class=\"elementor-slide-heading\">AMAZING BEAUJOLAIS<\/div><div class=\"elementor-slide-description\">d\u00e9sormais disponible  sur AIR France<\/div><\/div><\/div><\/div><div class=\"elementor-repeater-item-fa99c97 swiper-slide\"><div class=\"swiper-slide-bg\"><\/div><div class=\"swiper-slide-inner\" ><div class=\"swiper-slide-contents\"><div class=\"elementor-slide-heading\">AUTOMNE - HIVER  2021<\/div><div class=\"elementor-slide-description\">AMAZING BEAUJOLAIS 1ERE COUVERTURE<\/div><div  class=\"elementor-button elementor-slide-button elementor-size-sm\">Cliquer ici<\/div><\/div><\/div><\/div><div class=\"elementor-repeater-item-0fff295 swiper-slide\"><div class=\"swiper-slide-bg\"><\/div><div class=\"swiper-slide-inner\" ><div class=\"swiper-slide-contents\"><div class=\"elementor-slide-heading\">PRINTEMPS-ETE 2022<\/div><div class=\"elementor-slide-description\">AMAZING BEAUJOLAIS, \nune collection est n\u00e9e !<\/div><div  class=\"elementor-button elementor-slide-button elementor-size-sm\">Cliquer ici<\/div><\/div><\/div><\/div><div class=\"elementor-repeater-item-79281e1 swiper-slide\"><div class=\"swiper-slide-bg\"><\/div><div class=\"swiper-slide-inner\" ><div class=\"swiper-slide-contents\"><div class=\"elementor-slide-heading\">AUTOMNE-HIVER 2022<\/div><div class=\"elementor-slide-description\">AUTOMNE-HIVER 2022\nLa collection continue !<\/div><\/div><\/div><\/div><div class=\"elementor-repeater-item-137a6c2 swiper-slide\"><div class=\"swiper-slide-bg\"><\/div><div class=\"swiper-slide-inner\" ><div class=\"swiper-slide-contents\"><div class=\"elementor-slide-heading\">Printemps-Et\u00e9 2023<\/div><div class=\"elementor-slide-description\">Des ambassadeurs venus du monde entier pour nous pr\u00e9senter leur Beaujolais !<\/div><\/div><\/div><\/div><div class=\"elementor-repeater-item-754bc45 swiper-slide\"><div class=\"swiper-slide-bg\"><\/div><div class=\"swiper-slide-inner\" ><div class=\"swiper-slide-contents\"><div class=\"elementor-slide-heading\">Automne-Hiver 2023<\/div><div class=\"elementor-slide-description\">Automne-Hiver 2023 une pluie de couleurs pour \u00e9gayer l'hiver <\/div><\/div><\/div><\/div><div class=\"elementor-repeater-item-ebaaa45 swiper-slide\"><div class=\"swiper-slide-bg\"><\/div><div class=\"swiper-slide-inner\" ><div class=\"swiper-slide-contents\"><div class=\"elementor-slide-heading\">Printemps-Et\u00e9 2024<\/div><div class=\"elementor-slide-description\">EN VOITURE SIMONE !<\/div><div  class=\"elementor-button elementor-slide-button elementor-size-sm\">Cliquer ici<\/div><\/div><\/div><\/div><div class=\"elementor-repeater-item-1b7bd75 swiper-slide\"><div class=\"swiper-slide-bg\"><\/div><div class=\"swiper-slide-inner\" ><div class=\"swiper-slide-contents\"><div class=\"elementor-slide-heading\">Automne-Hiver 2024<\/div><div class=\"elementor-slide-description\">UN NUMERO DE LEGENDE !<\/div><div  class=\"elementor-button elementor-slide-button elementor-size-sm\">Cliquer ici<\/div><\/div><\/div><\/div>\t\t\t\t<\/div>\n\t\t\t\t\t\t\t\t\t\t\t\t\t\t\t<div class=\"swiper-pagination\"><\/div>\n\t\t\t\t\t\t\t\t\t\t\t\t\t\t\t\t<div class=\"elementor-swiper-button elementor-swiper-button-prev\">\n\t\t\t\t\t\t\t<i aria-hidden=\"true\" class=\"eicon-chevron-left\"><\/i>\t\t\t\t\t\t\t<span class=\"elementor-screen-only\">Previous<\/span>\n\t\t\t\t\t\t<\/div>\n\t\t\t\t\t\t<div class=\"elementor-swiper-button elementor-swiper-button-next\">\n\t\t\t\t\t\t\t<i aria-hidden=\"true\" class=\"eicon-chevron-right\"><\/i>\t\t\t\t\t\t\t<span class=\"elementor-screen-only\">Next<\/span>\n\t\t\t\t\t\t<\/div>\n\t\t\t\t\t\t\t\t\t\t\t\t<\/div>\n\t\t<\/div>\n\t\t\t\t<\/div>\n\t\t\t\t<\/div>\n\t\t\t\t<div class=\"elementor-element elementor-element-b65947c elementor-grid-3 elementor-grid-tablet-2 elementor-grid-mobile-1 elementor-posts--thumbnail-top elementor-card-shadow-yes elementor-posts__hover-gradient elementor-widget elementor-widget-posts\" data-id=\"b65947c\" data-element_type=\"widget\" data-settings=\"{&quot;pagination_type&quot;:&quot;load_more_infinite_scroll&quot;,&quot;cards_columns&quot;:&quot;3&quot;,&quot;cards_columns_tablet&quot;:&quot;2&quot;,&quot;cards_columns_mobile&quot;:&quot;1&quot;,&quot;cards_row_gap&quot;:{&quot;unit&quot;:&quot;px&quot;,&quot;size&quot;:35,&quot;sizes&quot;:[]},&quot;cards_row_gap_tablet&quot;:{&quot;unit&quot;:&quot;px&quot;,&quot;size&quot;:&quot;&quot;,&quot;sizes&quot;:[]},&quot;cards_row_gap_mobile&quot;:{&quot;unit&quot;:&quot;px&quot;,&quot;size&quot;:&quot;&quot;,&quot;sizes&quot;:[]},&quot;load_more_spinner&quot;:{&quot;value&quot;:&quot;fas fa-spinner&quot;,&quot;library&quot;:&quot;fa-solid&quot;}}\" data-widget_type=\"posts.cards\">\n\t\t\t\t<div class=\"elementor-widget-container\">\n\t\t\t\t\t<div class=\"elementor-posts-container elementor-posts elementor-posts--skin-cards elementor-grid\">\n\t\t\t\t<article class=\"elementor-post elementor-grid-item post-1939 post type-post status-publish format-standard has-post-thumbnail hentry category-magazine-no-8\">\n\t\t\t<div class=\"elementor-post__card\">\n\t\t\t\t<a class=\"elementor-post__thumbnail__link\" href=\"https:\/\/amazingbeaujolais.fr\/en\/la-constellation-brandao\/\" ><div class=\"elementor-post__thumbnail\"><img fetchpriority=\"high\" decoding=\"async\" width=\"200\" height=\"300\" src=\"https:\/\/amazingbeaujolais.fr\/wp-content\/uploads\/2026\/03\/DenisLaveur-StAmour2024061400199-200x300.jpg\" class=\"attachment-medium size-medium wp-image-1940\" alt=\"Les d\u00eeners \u00e0 la belle \u00e9toile\" srcset=\"https:\/\/amazingbeaujolais.fr\/wp-content\/uploads\/2026\/03\/DenisLaveur-StAmour2024061400199-200x300.jpg 200w, https:\/\/amazingbeaujolais.fr\/wp-content\/uploads\/2026\/03\/DenisLaveur-StAmour2024061400199-8x12.jpg 8w, https:\/\/amazingbeaujolais.fr\/wp-content\/uploads\/2026\/03\/DenisLaveur-StAmour2024061400199.jpg 533w\" sizes=\"(max-width: 200px) 100vw, 200px\" \/><\/div><\/a>\n\t\t\t\t<div class=\"elementor-post__text\">\n\t\t\t\t<h3 class=\"elementor-post__title\">\n\t\t\t<a href=\"https:\/\/amazingbeaujolais.fr\/en\/la-constellation-brandao\/\" >\n\t\t\t\tLa constellation Brandao\t\t\t<\/a>\n\t\t<\/h3>\n\t\t\t\t<div class=\"elementor-post__excerpt\">\n\t\t\t<p>Depuis quelques mois brille dans le ciel une nouvelle constellation intitul\u00e9e &#8220;Brandao&#8221; du nom de ces deux fr\u00e8res, Jonathan et Marvin, dont les parcours sont plac\u00e9s sous le signe des \u00e9toiles gastronomiques. Chefs des D\u00eeners \u00e0 la Belle Etoile en 2024, voici leurs accrostiches<\/p>\n\t\t<\/div>\n\t\t\n\t\t<a class=\"elementor-post__read-more\" href=\"https:\/\/amazingbeaujolais.fr\/en\/la-constellation-brandao\/\" >\n\t\t\tPlus d'infos &gt;&gt;\t\t<\/a>\n\n\t\t\t\t<\/div>\n\t\t\t\t\t<\/div>\n\t\t<\/article>\n\t\t\t\t<article class=\"elementor-post elementor-grid-item post-1912 post type-post status-publish format-standard has-post-thumbnail hentry category-magazine-no-7\">\n\t\t\t<div class=\"elementor-post__card\">\n\t\t\t\t<a class=\"elementor-post__thumbnail__link\" href=\"https:\/\/amazingbeaujolais.fr\/en\/victor-nest-pas-mort-il-respire-encore\/\" ><div class=\"elementor-post__thumbnail\"><img decoding=\"async\" width=\"300\" height=\"200\" src=\"https:\/\/amazingbeaujolais.fr\/wp-content\/uploads\/2025\/02\/DenisLaveur-MaisonVermorel2024092500137-300x200.jpg\" class=\"attachment-medium size-medium wp-image-1913\" alt=\"\" srcset=\"https:\/\/amazingbeaujolais.fr\/wp-content\/uploads\/2025\/02\/DenisLaveur-MaisonVermorel2024092500137-300x200.jpg 300w, https:\/\/amazingbeaujolais.fr\/wp-content\/uploads\/2025\/02\/DenisLaveur-MaisonVermorel2024092500137-768x512.jpg 768w, https:\/\/amazingbeaujolais.fr\/wp-content\/uploads\/2025\/02\/DenisLaveur-MaisonVermorel2024092500137-18x12.jpg 18w, https:\/\/amazingbeaujolais.fr\/wp-content\/uploads\/2025\/02\/DenisLaveur-MaisonVermorel2024092500137-600x400.jpg 600w, https:\/\/amazingbeaujolais.fr\/wp-content\/uploads\/2025\/02\/DenisLaveur-MaisonVermorel2024092500137.jpg 800w\" sizes=\"(max-width: 300px) 100vw, 300px\" \/><\/div><\/a>\n\t\t\t\t<div class=\"elementor-post__text\">\n\t\t\t\t<h3 class=\"elementor-post__title\">\n\t\t\t<a href=\"https:\/\/amazingbeaujolais.fr\/en\/victor-nest-pas-mort-il-respire-encore\/\" >\n\t\t\t\tVictor n&#8217;est pas mort, il respire encore&#8230;\t\t\t<\/a>\n\t\t<\/h3>\n\t\t\t\t<div class=\"elementor-post__excerpt\">\n\t\t\t<p>Amazing Beaujolais la revue bilingue anglais, fran\u00e7ais vous invite chez Victor Vermorel, industriel du 19\u00e8me si\u00e8cle et inventeur de g\u00e9nie<\/p>\n\t\t<\/div>\n\t\t\n\t\t<a class=\"elementor-post__read-more\" href=\"https:\/\/amazingbeaujolais.fr\/en\/victor-nest-pas-mort-il-respire-encore\/\" >\n\t\t\tPlus d'infos &gt;&gt;\t\t<\/a>\n\n\t\t\t\t<\/div>\n\t\t\t\t\t<\/div>\n\t\t<\/article>\n\t\t\t\t<article class=\"elementor-post elementor-grid-item post-1902 post type-post status-publish format-standard has-post-thumbnail hentry category-magazine-n6\">\n\t\t\t<div class=\"elementor-post__card\">\n\t\t\t\t<a class=\"elementor-post__thumbnail__link\" href=\"https:\/\/amazingbeaujolais.fr\/en\/quand-le-beaujolais-chique\/\" ><div class=\"elementor-post__thumbnail\"><img decoding=\"async\" width=\"300\" height=\"200\" src=\"https:\/\/amazingbeaujolais.fr\/wp-content\/uploads\/2025\/02\/DenisLaveur-ValeryDeGuisa2023103000053-300x200.jpg\" class=\"attachment-medium size-medium wp-image-1903\" alt=\"Des cigares made in Beaujolais\" srcset=\"https:\/\/amazingbeaujolais.fr\/wp-content\/uploads\/2025\/02\/DenisLaveur-ValeryDeGuisa2023103000053-300x200.jpg 300w, https:\/\/amazingbeaujolais.fr\/wp-content\/uploads\/2025\/02\/DenisLaveur-ValeryDeGuisa2023103000053-768x512.jpg 768w, https:\/\/amazingbeaujolais.fr\/wp-content\/uploads\/2025\/02\/DenisLaveur-ValeryDeGuisa2023103000053-18x12.jpg 18w, https:\/\/amazingbeaujolais.fr\/wp-content\/uploads\/2025\/02\/DenisLaveur-ValeryDeGuisa2023103000053-600x400.jpg 600w, https:\/\/amazingbeaujolais.fr\/wp-content\/uploads\/2025\/02\/DenisLaveur-ValeryDeGuisa2023103000053.jpg 800w\" sizes=\"(max-width: 300px) 100vw, 300px\" \/><\/div><\/a>\n\t\t\t\t<div class=\"elementor-post__text\">\n\t\t\t\t<h3 class=\"elementor-post__title\">\n\t\t\t<a href=\"https:\/\/amazingbeaujolais.fr\/en\/quand-le-beaujolais-chique\/\" >\n\t\t\t\tLe Beaujolais chique chic !\t\t\t<\/a>\n\t\t<\/h3>\n\t\t\t\t<div class=\"elementor-post__excerpt\">\n\t\t\t<p>Amazing Beaujolais la revue bilingue anglais, fran\u00e7ais a d\u00e9couvert une manufacture de cigares artisanaux&#8230;<\/p>\n\t\t<\/div>\n\t\t\n\t\t<a class=\"elementor-post__read-more\" href=\"https:\/\/amazingbeaujolais.fr\/en\/quand-le-beaujolais-chique\/\" >\n\t\t\tPlus d'infos &gt;&gt;\t\t<\/a>\n\n\t\t\t\t<\/div>\n\t\t\t\t\t<\/div>\n\t\t<\/article>\n\t\t\t\t<article class=\"elementor-post elementor-grid-item post-1800 post type-post status-publish format-standard has-post-thumbnail hentry category-magazine-n5\">\n\t\t\t<div class=\"elementor-post__card\">\n\t\t\t\t<a class=\"elementor-post__thumbnail__link\" href=\"https:\/\/amazingbeaujolais.fr\/en\/le-chateau-de-briante-saint-lager\/\" ><div class=\"elementor-post__thumbnail\"><img loading=\"lazy\" decoding=\"async\" width=\"300\" height=\"200\" src=\"https:\/\/amazingbeaujolais.fr\/wp-content\/uploads\/2024\/04\/DenisLaveur-Briante2023100500015-300x200.jpg\" class=\"attachment-medium size-medium wp-image-1792\" alt=\"Ch\u00e2teau de Briante\" srcset=\"https:\/\/amazingbeaujolais.fr\/wp-content\/uploads\/2024\/04\/DenisLaveur-Briante2023100500015-300x200.jpg 300w, https:\/\/amazingbeaujolais.fr\/wp-content\/uploads\/2024\/04\/DenisLaveur-Briante2023100500015-768x512.jpg 768w, https:\/\/amazingbeaujolais.fr\/wp-content\/uploads\/2024\/04\/DenisLaveur-Briante2023100500015-18x12.jpg 18w, https:\/\/amazingbeaujolais.fr\/wp-content\/uploads\/2024\/04\/DenisLaveur-Briante2023100500015-600x400.jpg 600w, https:\/\/amazingbeaujolais.fr\/wp-content\/uploads\/2024\/04\/DenisLaveur-Briante2023100500015.jpg 800w\" sizes=\"(max-width: 300px) 100vw, 300px\" \/><\/div><\/a>\n\t\t\t\t<div class=\"elementor-post__text\">\n\t\t\t\t<h3 class=\"elementor-post__title\">\n\t\t\t<a href=\"https:\/\/amazingbeaujolais.fr\/en\/le-chateau-de-briante-saint-lager\/\" >\n\t\t\t\tLe ch\u00e2teau de Briante &#8211; Saint-Lager\t\t\t<\/a>\n\t\t<\/h3>\n\t\t\t\t<div class=\"elementor-post__excerpt\">\n\t\t\t<p>Amazing Beaujolais la revue bilingue anglais, fran\u00e7ais a rencontr\u00e9 les WISPS, joueurs de baseball en terre beaujolaise.<\/p>\n\t\t<\/div>\n\t\t\n\t\t<a class=\"elementor-post__read-more\" href=\"https:\/\/amazingbeaujolais.fr\/en\/le-chateau-de-briante-saint-lager\/\" >\n\t\t\tPlus d'infos &gt;&gt;\t\t<\/a>\n\n\t\t\t\t<\/div>\n\t\t\t\t\t<\/div>\n\t\t<\/article>\n\t\t\t\t<article class=\"elementor-post elementor-grid-item post-1744 post type-post status-publish format-standard has-post-thumbnail hentry category-magazine-n5\">\n\t\t\t<div class=\"elementor-post__card\">\n\t\t\t\t<a class=\"elementor-post__thumbnail__link\" href=\"https:\/\/amazingbeaujolais.fr\/en\/diamants-noirs-sous-pierre-doree\/\" ><div class=\"elementor-post__thumbnail\"><img loading=\"lazy\" decoding=\"async\" width=\"300\" height=\"200\" src=\"https:\/\/amazingbeaujolais.fr\/wp-content\/uploads\/2024\/01\/DenisLaveur-Truffe2023012700026-300x200.jpg\" class=\"attachment-medium size-medium wp-image-1763\" alt=\"Truffes en Beaujolais\" srcset=\"https:\/\/amazingbeaujolais.fr\/wp-content\/uploads\/2024\/01\/DenisLaveur-Truffe2023012700026-300x200.jpg 300w, https:\/\/amazingbeaujolais.fr\/wp-content\/uploads\/2024\/01\/DenisLaveur-Truffe2023012700026-18x12.jpg 18w, https:\/\/amazingbeaujolais.fr\/wp-content\/uploads\/2024\/01\/DenisLaveur-Truffe2023012700026.jpg 500w\" sizes=\"(max-width: 300px) 100vw, 300px\" \/><\/div><\/a>\n\t\t\t\t<div class=\"elementor-post__text\">\n\t\t\t\t<h3 class=\"elementor-post__title\">\n\t\t\t<a href=\"https:\/\/amazingbeaujolais.fr\/en\/diamants-noirs-sous-pierre-doree\/\" >\n\t\t\t\tDiamants noirs sous pierres dor\u00e9es\t\t\t<\/a>\n\t\t<\/h3>\n\t\t\t\t<div class=\"elementor-post__excerpt\">\n\t\t\t<p>Amazing Beaujolais la revue bilingue anglais, fran\u00e7ais a rencontr\u00e9 les WISPS, joueurs de baseball en terre beaujolaise.<\/p>\n\t\t<\/div>\n\t\t\n\t\t<a class=\"elementor-post__read-more\" href=\"https:\/\/amazingbeaujolais.fr\/en\/diamants-noirs-sous-pierre-doree\/\" >\n\t\t\tPlus d'infos &gt;&gt;\t\t<\/a>\n\n\t\t\t\t<\/div>\n\t\t\t\t\t<\/div>\n\t\t<\/article>\n\t\t\t\t<article class=\"elementor-post elementor-grid-item post-1731 post type-post status-publish format-standard has-post-thumbnail hentry category-magazine-n5\">\n\t\t\t<div class=\"elementor-post__card\">\n\t\t\t\t<a class=\"elementor-post__thumbnail__link\" href=\"https:\/\/amazingbeaujolais.fr\/en\/couleurs-conscrits\/\" ><div class=\"elementor-post__thumbnail\"><img loading=\"lazy\" decoding=\"async\" width=\"200\" height=\"300\" src=\"https:\/\/amazingbeaujolais.fr\/wp-content\/uploads\/2024\/01\/DenisLaveur-ConscritsVillefranche20232023012900129-200x300.jpg\" class=\"attachment-medium size-medium wp-image-1742\" alt=\"Un arc en ciel de rubans\" srcset=\"https:\/\/amazingbeaujolais.fr\/wp-content\/uploads\/2024\/01\/DenisLaveur-ConscritsVillefranche20232023012900129-200x300.jpg 200w, https:\/\/amazingbeaujolais.fr\/wp-content\/uploads\/2024\/01\/DenisLaveur-ConscritsVillefranche20232023012900129-8x12.jpg 8w, https:\/\/amazingbeaujolais.fr\/wp-content\/uploads\/2024\/01\/DenisLaveur-ConscritsVillefranche20232023012900129.jpg 533w\" sizes=\"(max-width: 200px) 100vw, 200px\" \/><\/div><\/a>\n\t\t\t\t<div class=\"elementor-post__text\">\n\t\t\t\t<h3 class=\"elementor-post__title\">\n\t\t\t<a href=\"https:\/\/amazingbeaujolais.fr\/en\/couleurs-conscrits\/\" >\n\t\t\t\tCOULEURS CONSCRITS\t\t\t<\/a>\n\t\t<\/h3>\n\t\t\t\t<div class=\"elementor-post__excerpt\">\n\t\t\t<p>Amazing Beaujolais la revue bilingue anglais, fran\u00e7ais a rencontr\u00e9 les WISPS, joueurs de baseball en terre beaujolaise.<\/p>\n\t\t<\/div>\n\t\t\n\t\t<a class=\"elementor-post__read-more\" href=\"https:\/\/amazingbeaujolais.fr\/en\/couleurs-conscrits\/\" >\n\t\t\tPlus d'infos &gt;&gt;\t\t<\/a>\n\n\t\t\t\t<\/div>\n\t\t\t\t\t<\/div>\n\t\t<\/article>\n\t\t\t\t<article class=\"elementor-post elementor-grid-item post-1698 post type-post status-publish format-standard has-post-thumbnail hentry category-magazine-n4\">\n\t\t\t<div class=\"elementor-post__card\">\n\t\t\t\t<a class=\"elementor-post__thumbnail__link\" href=\"https:\/\/amazingbeaujolais.fr\/en\/les-plaisirs-de-la-table-par-le-chef-ghislain-varillon\/\" ><div class=\"elementor-post__thumbnail\"><img loading=\"lazy\" decoding=\"async\" width=\"200\" height=\"300\" src=\"https:\/\/amazingbeaujolais.fr\/wp-content\/uploads\/2023\/06\/DL-EcumeGourmande2022092200066-200x300.jpg\" class=\"attachment-medium size-medium wp-image-1699\" alt=\"L&#039;Ecume gourmande, un restaurant gastronomique, rencontre avec son chef Ghislain Varillon\" srcset=\"https:\/\/amazingbeaujolais.fr\/wp-content\/uploads\/2023\/06\/DL-EcumeGourmande2022092200066-200x300.jpg 200w, https:\/\/amazingbeaujolais.fr\/wp-content\/uploads\/2023\/06\/DL-EcumeGourmande2022092200066-8x12.jpg 8w, https:\/\/amazingbeaujolais.fr\/wp-content\/uploads\/2023\/06\/DL-EcumeGourmande2022092200066.jpg 333w\" sizes=\"(max-width: 200px) 100vw, 200px\" \/><\/div><\/a>\n\t\t\t\t<div class=\"elementor-post__text\">\n\t\t\t\t<h3 class=\"elementor-post__title\">\n\t\t\t<a href=\"https:\/\/amazingbeaujolais.fr\/en\/les-plaisirs-de-la-table-par-le-chef-ghislain-varillon\/\" >\n\t\t\t\tLes plaisirs de la table par le Chef Ghislain Varillon\t\t\t<\/a>\n\t\t<\/h3>\n\t\t\t\t<div class=\"elementor-post__excerpt\">\n\t\t\t<p>Amazing Beaujolais la revue vous pr\u00e9sente le Chef Ghislain Varillon, propri\u00e9taire du restaurant gastronomique l&#8217;Ecume Gourmande \u00e0 Cerci\u00e9<\/p>\n\t\t<\/div>\n\t\t\n\t\t<a class=\"elementor-post__read-more\" href=\"https:\/\/amazingbeaujolais.fr\/en\/les-plaisirs-de-la-table-par-le-chef-ghislain-varillon\/\" >\n\t\t\tPlus d'infos &gt;&gt;\t\t<\/a>\n\n\t\t\t\t<\/div>\n\t\t\t\t\t<\/div>\n\t\t<\/article>\n\t\t\t\t<article class=\"elementor-post elementor-grid-item post-1690 post type-post status-publish format-standard has-post-thumbnail hentry category-magazine-n4\">\n\t\t\t<div class=\"elementor-post__card\">\n\t\t\t\t<a class=\"elementor-post__thumbnail__link\" href=\"https:\/\/amazingbeaujolais.fr\/en\/anthony-perol-vigneron-eleveur\/\" ><div class=\"elementor-post__thumbnail\"><img loading=\"lazy\" decoding=\"async\" width=\"300\" height=\"200\" src=\"https:\/\/amazingbeaujolais.fr\/wp-content\/uploads\/2023\/06\/DL-ANTHONY-PEROL-2022101000030-300x200.jpg\" class=\"attachment-medium size-medium wp-image-1691\" alt=\"\" srcset=\"https:\/\/amazingbeaujolais.fr\/wp-content\/uploads\/2023\/06\/DL-ANTHONY-PEROL-2022101000030-300x200.jpg 300w, https:\/\/amazingbeaujolais.fr\/wp-content\/uploads\/2023\/06\/DL-ANTHONY-PEROL-2022101000030-768x512.jpg 768w, https:\/\/amazingbeaujolais.fr\/wp-content\/uploads\/2023\/06\/DL-ANTHONY-PEROL-2022101000030-18x12.jpg 18w, https:\/\/amazingbeaujolais.fr\/wp-content\/uploads\/2023\/06\/DL-ANTHONY-PEROL-2022101000030-600x400.jpg 600w, https:\/\/amazingbeaujolais.fr\/wp-content\/uploads\/2023\/06\/DL-ANTHONY-PEROL-2022101000030.jpg 800w\" sizes=\"(max-width: 300px) 100vw, 300px\" \/><\/div><\/a>\n\t\t\t\t<div class=\"elementor-post__text\">\n\t\t\t\t<h3 class=\"elementor-post__title\">\n\t\t\t<a href=\"https:\/\/amazingbeaujolais.fr\/en\/anthony-perol-vigneron-eleveur\/\" >\n\t\t\t\tAnthony P\u00e9rol, Vigneron \u00e9leveur\t\t\t<\/a>\n\t\t<\/h3>\n\t\t\t\t<div class=\"elementor-post__excerpt\">\n\t\t\t<p>Amazing Beaujolais la revue, rencontre avec Anthony P\u00e9rol, vigneron et \u00e9leveur<\/p>\n\t\t<\/div>\n\t\t\n\t\t<a class=\"elementor-post__read-more\" href=\"https:\/\/amazingbeaujolais.fr\/en\/anthony-perol-vigneron-eleveur\/\" >\n\t\t\tPlus d'infos &gt;&gt;\t\t<\/a>\n\n\t\t\t\t<\/div>\n\t\t\t\t\t<\/div>\n\t\t<\/article>\n\t\t\t\t<article class=\"elementor-post elementor-grid-item post-1624 post type-post status-publish format-standard has-post-thumbnail hentry category-magazine-n4\">\n\t\t\t<div class=\"elementor-post__card\">\n\t\t\t\t<a class=\"elementor-post__thumbnail__link\" href=\"https:\/\/amazingbeaujolais.fr\/en\/le-beaujolais-rayonne-sur-le-monde\/\" ><div class=\"elementor-post__thumbnail\"><img loading=\"lazy\" decoding=\"async\" width=\"200\" height=\"300\" src=\"https:\/\/amazingbeaujolais.fr\/wp-content\/uploads\/2021\/11\/DL-AndersenPizay2022072800128-200x300.jpg\" class=\"attachment-medium size-medium wp-image-1622\" alt=\"&quot;Pizay est notre paradis sur terre, nous nous sentons chez nous ! &quot; r\u00e9v\u00e8le Frank Andersen et Eva\" srcset=\"https:\/\/amazingbeaujolais.fr\/wp-content\/uploads\/2021\/11\/DL-AndersenPizay2022072800128-200x300.jpg 200w, https:\/\/amazingbeaujolais.fr\/wp-content\/uploads\/2021\/11\/DL-AndersenPizay2022072800128-683x1024.jpg 683w, https:\/\/amazingbeaujolais.fr\/wp-content\/uploads\/2021\/11\/DL-AndersenPizay2022072800128-768x1152.jpg 768w, https:\/\/amazingbeaujolais.fr\/wp-content\/uploads\/2021\/11\/DL-AndersenPizay2022072800128-8x12.jpg 8w, https:\/\/amazingbeaujolais.fr\/wp-content\/uploads\/2021\/11\/DL-AndersenPizay2022072800128-600x900.jpg 600w, https:\/\/amazingbeaujolais.fr\/wp-content\/uploads\/2021\/11\/DL-AndersenPizay2022072800128.jpg 1000w\" sizes=\"(max-width: 200px) 100vw, 200px\" \/><\/div><\/a>\n\t\t\t\t<div class=\"elementor-post__text\">\n\t\t\t\t<h3 class=\"elementor-post__title\">\n\t\t\t<a href=\"https:\/\/amazingbeaujolais.fr\/en\/le-beaujolais-rayonne-sur-le-monde\/\" >\n\t\t\t\tLe Beaujolais rayonne sur le monde\t\t\t<\/a>\n\t\t<\/h3>\n\t\t\t\t<div class=\"elementor-post__excerpt\">\n\t\t\t<p>&#8220;Pizay est notre paradis sur terre, nous nous sentons chez nous !&#8221; Eva et Frank Andersen en direct du Ch\u00e2teau de Pizay<\/p>\n\t\t<\/div>\n\t\t\n\t\t<a class=\"elementor-post__read-more\" href=\"https:\/\/amazingbeaujolais.fr\/en\/le-beaujolais-rayonne-sur-le-monde\/\" >\n\t\t\tPlus d'infos &gt;&gt;\t\t<\/a>\n\n\t\t\t\t<\/div>\n\t\t\t\t\t<\/div>\n\t\t<\/article>\n\t\t\t\t<\/div>\n\t\t\t\t\t<span class=\"e-load-more-spinner\">\n\t\t\t\t<i aria-hidden=\"true\" class=\"fas fa-spinner\"><\/i>\t\t\t<\/span>\n\t\t\n\t\t\t\t<div class=\"e-load-more-anchor\" data-page=\"1\" data-max-page=\"2\" data-next-page=\"https:\/\/amazingbeaujolais.fr\/en\/wp-json\/wp\/v2\/pages\/566\/page\/2\/\"><\/div>\n\t\t\t\t<div class=\"e-load-more-message\">End of the list of articles<\/div>\n\t\t\t\t<\/div>\n\t\t\t\t<\/div>\n\t\t\t\t\t<\/div>\n\t\t<\/div>\n\t\t\t\t\t<\/div>\n\t\t<\/section>\n\t\t\t\t<\/div>","protected":false},"excerpt":{"rendered":"<p>La revue AMAZING BEAUJOLAISd\u00e9sormais disponible sur AIR FranceAUTOMNE &#8211; HIVER 2021AMAZING BEAUJOLAIS 1ERE COUVERTURECliquer iciPRINTEMPS-ETE 2022AMAZING BEAUJOLAIS, une collection est n\u00e9e !Cliquer iciAUTOMNE-HIVER 2022AUTOMNE-HIVER 2022 La collection continue !Printemps-Et\u00e9 2023Des ambassadeurs venus du monde entier pour nous pr\u00e9senter leur Beaujolais !Automne-Hiver 2023Automne-Hiver 2023 une pluie de couleurs pour \u00e9gayer l&#8217;hiver Printemps-Et\u00e9 2024EN VOITURE SIMONE !Cliquer [&hellip;]<\/p>","protected":false},"author":2,"featured_media":0,"parent":0,"menu_order":0,"comment_status":"closed","ping_status":"closed","template":"","meta":{"_acf_changed":false,"om_disable_all_campaigns":false,"inline_featured_image":false,"_monsterinsights_skip_tracking":false,"_monsterinsights_sitenote_active":false,"_monsterinsights_sitenote_note":"","_monsterinsights_sitenote_category":0,"jetpack_post_was_ever_published":false,"footnotes":""},"class_list":["post-566","page","type-page","status-publish","hentry"],"acf":[],"aioseo_notices":[],"jetpack_sharing_enabled":true,"_links":{"self":[{"href":"https:\/\/amazingbeaujolais.fr\/en\/wp-json\/wp\/v2\/pages\/566","targetHints":{"allow":["GET"]}}],"collection":[{"href":"https:\/\/amazingbeaujolais.fr\/en\/wp-json\/wp\/v2\/pages"}],"about":[{"href":"https:\/\/amazingbeaujolais.fr\/en\/wp-json\/wp\/v2\/types\/page"}],"author":[{"embeddable":true,"href":"https:\/\/amazingbeaujolais.fr\/en\/wp-json\/wp\/v2\/users\/2"}],"replies":[{"embeddable":true,"href":"https:\/\/amazingbeaujolais.fr\/en\/wp-json\/wp\/v2\/comments?post=566"}],"version-history":[{"count":26,"href":"https:\/\/amazingbeaujolais.fr\/en\/wp-json\/wp\/v2\/pages\/566\/revisions"}],"predecessor-version":[{"id":1900,"href":"https:\/\/amazingbeaujolais.fr\/en\/wp-json\/wp\/v2\/pages\/566\/revisions\/1900"}],"wp:attachment":[{"href":"https:\/\/amazingbeaujolais.fr\/en\/wp-json\/wp\/v2\/media?parent=566"}],"curies":[{"name":"wp","href":"https:\/\/api.w.org\/{rel}","templated":true}]}}